{"id":3747,"date":"2021-12-10T16:33:18","date_gmt":"2021-12-10T14:33:18","guid":{"rendered":"https:\/\/harmonyhome.lv\/?page_id=3747"},"modified":"2021-12-10T16:33:18","modified_gmt":"2021-12-10T14:33:18","slug":"pdf","status":"publish","type":"page","link":"https:\/\/harmonyhome.lv\/ru\/pdf\/","title":{"rendered":"PDF"},"content":{"rendered":"","protected":false},"excerpt":{"rendered":"","protected":false},"author":1,"featured_media":0,"parent":0,"menu_order":0,"comment_status":"closed","ping_status":"closed","template":"pdf.php","meta":{"om_disable_all_campaigns":false,"inline_featured_image":false,"_uf_show_specific_survey":0,"_uf_disable_surveys":false,"footnotes":""},"tags":[],"class_list":["post-3747","page","type-page","status-publish","hentry","wpautop"],"aioseo_notices":[],"yoast_head":"<!-- This site is optimized with the Yoast SEO plugin v27.4 - https:\/\/yoast.com\/product\/yoast-seo-wordpress\/ -->\n<title>PDF - Harmony Home - kvalitat\u012bvi dz\u012bvok\u013ci jaunaj\u0101 projekt\u0101<\/title>\n<meta name=\"robots\" content=\"index, follow, max-snippet:-1, max-image-preview:large, max-video-preview:-1\" \/>\n<link rel=\"canonical\" href=\"https:\/\/harmonyhome.lv\/ru\/pdf\/\" \/>\n<meta property=\"og:locale\" content=\"ru_RU\" \/>\n<meta property=\"og:type\" content=\"article\" \/>\n<meta property=\"og:title\" content=\"PDF - Harmony Home - kvalitat\u012bvi dz\u012bvok\u013ci jaunaj\u0101 projekt\u0101\" \/>\n<meta property=\"og:url\" content=\"https:\/\/harmonyhome.lv\/ru\/pdf\/\" \/>\n<meta property=\"og:site_name\" content=\"Harmony Home - kvalitat\u012bvi dz\u012bvok\u013ci jaunaj\u0101 projekt\u0101\" \/>\n<meta property=\"article:publisher\" content=\"https:\/\/www.facebook.com\/harmonyhomeLatvia\" \/>\n<meta name=\"twitter:card\" content=\"summary_large_image\" \/>\n<script type=\"application\/ld+json\" class=\"yoast-schema-graph\">{\"@context\":\"https:\\\/\\\/schema.org\",\"@graph\":[{\"@type\":\"WebPage\",\"@id\":\"https:\\\/\\\/harmonyhome.lv\\\/ru\\\/pdf\\\/\",\"url\":\"https:\\\/\\\/harmonyhome.lv\\\/ru\\\/pdf\\\/\",\"name\":\"PDF - Harmony Home - kvalitat\u012bvi dz\u012bvok\u013ci jaunaj\u0101 projekt\u0101\",\"isPartOf\":{\"@id\":\"https:\\\/\\\/harmonyhome.lv\\\/ru\\\/#website\"},\"datePublished\":\"2021-12-10T14:33:18+00:00\",\"breadcrumb\":{\"@id\":\"https:\\\/\\\/harmonyhome.lv\\\/ru\\\/pdf\\\/#breadcrumb\"},\"inLanguage\":\"ru-RU\",\"potentialAction\":[{\"@type\":\"ReadAction\",\"target\":[\"https:\\\/\\\/harmonyhome.lv\\\/ru\\\/pdf\\\/\"]}]},{\"@type\":\"BreadcrumbList\",\"@id\":\"https:\\\/\\\/harmonyhome.lv\\\/ru\\\/pdf\\\/#breadcrumb\",\"itemListElement\":[{\"@type\":\"ListItem\",\"position\":1,\"name\":\"Home\",\"item\":\"https:\\\/\\\/harmonyhome.lv\\\/ru\\\/\"},{\"@type\":\"ListItem\",\"position\":2,\"name\":\"PDF\"}]},{\"@type\":\"WebSite\",\"@id\":\"https:\\\/\\\/harmonyhome.lv\\\/ru\\\/#website\",\"url\":\"https:\\\/\\\/harmonyhome.lv\\\/ru\\\/\",\"name\":\"Harmony Home - kvalitat\u012bvi dz\u012bvok\u013ci jaunaj\u0101 projekt\u0101\",\"description\":\"Energoefekt\u012bvi dz\u012bvok\u013ci\",\"publisher\":{\"@id\":\"https:\\\/\\\/harmonyhome.lv\\\/ru\\\/#organization\"},\"alternateName\":\"Harmony energoefekt\u012bvi jaunie dz\u012bvok\u013ci\",\"potentialAction\":[{\"@type\":\"SearchAction\",\"target\":{\"@type\":\"EntryPoint\",\"urlTemplate\":\"https:\\\/\\\/harmonyhome.lv\\\/ru\\\/?s={search_term_string}\"},\"query-input\":{\"@type\":\"PropertyValueSpecification\",\"valueRequired\":true,\"valueName\":\"search_term_string\"}}],\"inLanguage\":\"ru-RU\"},{\"@type\":\"Organization\",\"@id\":\"https:\\\/\\\/harmonyhome.lv\\\/ru\\\/#organization\",\"name\":\"Harmony Home - kvalitat\u012bvi dz\u012bvok\u013ci jaunaj\u0101 projekt\u0101\",\"alternateName\":\"Harmony - gudra izv\u0113le harmoniskai dz\u012bvei\",\"url\":\"https:\\\/\\\/harmonyhome.lv\\\/ru\\\/\",\"logo\":{\"@type\":\"ImageObject\",\"inLanguage\":\"ru-RU\",\"@id\":\"https:\\\/\\\/harmonyhome.lv\\\/ru\\\/#\\\/schema\\\/logo\\\/image\\\/\",\"url\":\"https:\\\/\\\/harmonyhome.lv\\\/wp-content\\\/uploads\\\/2023\\\/03\\\/cropped-harmony_logo-1.png\",\"contentUrl\":\"https:\\\/\\\/harmonyhome.lv\\\/wp-content\\\/uploads\\\/2023\\\/03\\\/cropped-harmony_logo-1.png\",\"width\":649,\"height\":375,\"caption\":\"Harmony Home - kvalitat\u012bvi dz\u012bvok\u013ci jaunaj\u0101 projekt\u0101\"},\"image\":{\"@id\":\"https:\\\/\\\/harmonyhome.lv\\\/ru\\\/#\\\/schema\\\/logo\\\/image\\\/\"},\"sameAs\":[\"https:\\\/\\\/www.facebook.com\\\/harmonyhomeLatvia\",\"https:\\\/\\\/www.instagram.com\\\/harmony_home_latvia\\\/\"]}]}<\/script>\n<!-- \/ Yoast SEO plugin. -->","yoast_head_json":{"title":"PDF - Harmony Home - kvalitat\u012bvi dz\u012bvok\u013ci jaunaj\u0101 projekt\u0101","robots":{"index":"index","follow":"follow","max-snippet":"max-snippet:-1","max-image-preview":"max-image-preview:large","max-video-preview":"max-video-preview:-1"},"canonical":"https:\/\/harmonyhome.lv\/ru\/pdf\/","og_locale":"ru_RU","og_type":"article","og_title":"PDF - Harmony Home - kvalitat\u012bvi dz\u012bvok\u013ci jaunaj\u0101 projekt\u0101","og_url":"https:\/\/harmonyhome.lv\/ru\/pdf\/","og_site_name":"Harmony Home - kvalitat\u012bvi dz\u012bvok\u013ci jaunaj\u0101 projekt\u0101","article_publisher":"https:\/\/www.facebook.com\/harmonyhomeLatvia","twitter_card":"summary_large_image","schema":{"@context":"https:\/\/schema.org","@graph":[{"@type":"WebPage","@id":"https:\/\/harmonyhome.lv\/ru\/pdf\/","url":"https:\/\/harmonyhome.lv\/ru\/pdf\/","name":"PDF - Harmony Home - kvalitat\u012bvi dz\u012bvok\u013ci jaunaj\u0101 projekt\u0101","isPartOf":{"@id":"https:\/\/harmonyhome.lv\/ru\/#website"},"datePublished":"2021-12-10T14:33:18+00:00","breadcrumb":{"@id":"https:\/\/harmonyhome.lv\/ru\/pdf\/#breadcrumb"},"inLanguage":"ru-RU","potentialAction":[{"@type":"ReadAction","target":["https:\/\/harmonyhome.lv\/ru\/pdf\/"]}]},{"@type":"BreadcrumbList","@id":"https:\/\/harmonyhome.lv\/ru\/pdf\/#breadcrumb","itemListElement":[{"@type":"ListItem","position":1,"name":"Home","item":"https:\/\/harmonyhome.lv\/ru\/"},{"@type":"ListItem","position":2,"name":"PDF"}]},{"@type":"WebSite","@id":"https:\/\/harmonyhome.lv\/ru\/#website","url":"https:\/\/harmonyhome.lv\/ru\/","name":"Harmony Home - kvalitat\u012bvi dz\u012bvok\u013ci jaunaj\u0101 projekt\u0101","description":"Energoefekt\u012bvi dz\u012bvok\u013ci","publisher":{"@id":"https:\/\/harmonyhome.lv\/ru\/#organization"},"alternateName":"Harmony energoefekt\u012bvi jaunie dz\u012bvok\u013ci","potentialAction":[{"@type":"SearchAction","target":{"@type":"EntryPoint","urlTemplate":"https:\/\/harmonyhome.lv\/ru\/?s={search_term_string}"},"query-input":{"@type":"PropertyValueSpecification","valueRequired":true,"valueName":"search_term_string"}}],"inLanguage":"ru-RU"},{"@type":"Organization","@id":"https:\/\/harmonyhome.lv\/ru\/#organization","name":"Harmony Home - kvalitat\u012bvi dz\u012bvok\u013ci jaunaj\u0101 projekt\u0101","alternateName":"Harmony - gudra izv\u0113le harmoniskai dz\u012bvei","url":"https:\/\/harmonyhome.lv\/ru\/","logo":{"@type":"ImageObject","inLanguage":"ru-RU","@id":"https:\/\/harmonyhome.lv\/ru\/#\/schema\/logo\/image\/","url":"https:\/\/harmonyhome.lv\/wp-content\/uploads\/2023\/03\/cropped-harmony_logo-1.png","contentUrl":"https:\/\/harmonyhome.lv\/wp-content\/uploads\/2023\/03\/cropped-harmony_logo-1.png","width":649,"height":375,"caption":"Harmony Home - kvalitat\u012bvi dz\u012bvok\u013ci jaunaj\u0101 projekt\u0101"},"image":{"@id":"https:\/\/harmonyhome.lv\/ru\/#\/schema\/logo\/image\/"},"sameAs":["https:\/\/www.facebook.com\/harmonyhomeLatvia","https:\/\/www.instagram.com\/harmony_home_latvia\/"]}]}},"_links":{"self":[{"href":"https:\/\/harmonyhome.lv\/ru\/wp-json\/wp\/v2\/pages\/3747","targetHints":{"allow":["GET"]}}],"collection":[{"href":"https:\/\/harmonyhome.lv\/ru\/wp-json\/wp\/v2\/pages"}],"about":[{"href":"https:\/\/harmonyhome.lv\/ru\/wp-json\/wp\/v2\/types\/page"}],"author":[{"embeddable":true,"href":"https:\/\/harmonyhome.lv\/ru\/wp-json\/wp\/v2\/users\/1"}],"replies":[{"embeddable":true,"href":"https:\/\/harmonyhome.lv\/ru\/wp-json\/wp\/v2\/comments?post=3747"}],"version-history":[{"count":0,"href":"https:\/\/harmonyhome.lv\/ru\/wp-json\/wp\/v2\/pages\/3747\/revisions"}],"wp:attachment":[{"href":"https:\/\/harmonyhome.lv\/ru\/wp-json\/wp\/v2\/media?parent=3747"}],"wp:term":[{"taxonomy":"post_tag","embeddable":true,"href":"https:\/\/harmonyhome.lv\/ru\/wp-json\/wp\/v2\/tags?post=3747"}],"curies":[{"name":"wp","href":"https:\/\/api.w.org\/{rel}","templated":true}]}}