{"id":3558,"date":"2021-11-26T14:55:16","date_gmt":"2021-11-26T12:55:16","guid":{"rendered":"https:\/\/harmonyhome.lv\/?page_id=3558"},"modified":"2023-03-16T15:48:56","modified_gmt":"2023-03-16T13:48:56","slug":"interjers","status":"publish","type":"page","link":"https:\/\/harmonyhome.lv\/en\/harmony-home-teika\/interjers\/","title":{"rendered":"Interior"},"content":{"rendered":"\t\t<div data-elementor-type=\"wp-page\" data-elementor-id=\"3558\" class=\"elementor elementor-3558 elementor-3396\" data-elementor-post-type=\"page\">\n\t\t\t\t\t\t<section class=\"elementor-section elementor-top-section elementor-element elementor-element-c51f9e4 elementor-section-height-min-height elementor-section-items-stretch elementor-section-boxed elementor-section-height-default\" data-id=\"c51f9e4\" data-element_type=\"section\" data-e-type=\"section\" data-settings=\"{&quot;background_background&quot;:&quot;classic&quot;}\">\n\t\t\t\t\t\t\t<div class=\"elementor-background-overlay\"><\/div>\n\t\t\t\t\t\t\t<div class=\"elementor-container elementor-column-gap-default\">\n\t\t\t\t\t<div class=\"elementor-column elementor-col-100 elementor-top-column elementor-element elementor-element-86c3798\" data-id=\"86c3798\" data-element_type=\"column\" data-e-type=\"column\" data-settings=\"{&quot;background_background&quot;:&quot;classic&quot;}\">\n\t\t\t<div class=\"elementor-widget-wrap elementor-element-populated\">\n\t\t\t\t\t<div class=\"elementor-background-overlay\"><\/div>\n\t\t\t\t\t\t<section class=\"elementor-section elementor-inner-section elementor-element elementor-element-513c722 elementor-section-boxed elementor-section-height-default elementor-section-height-default\" data-id=\"513c722\" data-element_type=\"section\" data-e-type=\"section\">\n\t\t\t\t\t\t<div class=\"elementor-container elementor-column-gap-no\">\n\t\t\t\t\t<div class=\"elementor-column elementor-col-50 elementor-inner-column elementor-element elementor-element-62eef96\" data-id=\"62eef96\" data-element_type=\"column\" data-e-type=\"column\">\n\t\t\t<div class=\"elementor-widget-wrap elementor-element-populated\">\n\t\t\t\t\t\t<div class=\"elementor-element elementor-element-92a9489 elementor-widget elementor-widget-heading\" data-id=\"92a9489\" data-element_type=\"widget\" data-e-type=\"widget\" data-widget_type=\"heading.default\">\n\t\t\t\t<div class=\"elementor-widget-container\">\n\t\t\t\t\t<h1 class=\"elementor-heading-title elementor-size-xxl\"><SPAN>Interior<\/h1>\t\t\t\t<\/div>\n\t\t\t\t<\/div>\n\t\t\t\t\t<\/div>\n\t\t<\/div>\n\t\t\t\t<div class=\"elementor-column elementor-col-50 elementor-inner-column elementor-element elementor-element-efd26f8\" data-id=\"efd26f8\" data-element_type=\"column\" data-e-type=\"column\" data-settings=\"{&quot;background_background&quot;:&quot;classic&quot;}\">\n\t\t\t<div class=\"elementor-widget-wrap elementor-element-populated\">\n\t\t\t\t\t\t<div class=\"elementor-element elementor-element-aa159da elementor-widget elementor-widget-heading\" data-id=\"aa159da\" data-element_type=\"widget\" data-e-type=\"widget\" data-widget_type=\"heading.default\">\n\t\t\t\t<div class=\"elementor-widget-container\">\n\t\t\t\t\t<h2 class=\"elementor-heading-title elementor-size-default\">Harmony<br \/>\nHome<\/h2>\t\t\t\t<\/div>\n\t\t\t\t<\/div>\n\t\t\t\t<div class=\"elementor-element elementor-element-e6c4614 animated-slow elementor-absolute elementor-invisible elementor-widget elementor-widget-image\" data-id=\"e6c4614\" data-element_type=\"widget\" data-e-type=\"widget\" data-settings=\"{&quot;_animation&quot;:&quot;fadeInDown&quot;,&quot;_animation_delay&quot;:300,&quot;_position&quot;:&quot;absolute&quot;}\" data-widget_type=\"image.default\">\n\t\t\t\t<div class=\"elementor-widget-container\">\n\t\t\t\t\t\t\t\t\t\t\t\t\t\t\t<img fetchpriority=\"high\" decoding=\"async\" width=\"800\" height=\"800\" src=\"https:\/\/harmonyhome.lv\/wp-content\/uploads\/2021\/05\/aplis.svg\" class=\"attachment-large size-large wp-image-105\" alt=\"\" \/>\t\t\t\t\t\t\t\t\t\t\t\t\t\t\t<\/div>\n\t\t\t\t<\/div>\n\t\t\t\t\t<\/div>\n\t\t<\/div>\n\t\t\t\t\t<\/div>\n\t\t<\/section>\n\t\t\t\t\t<\/div>\n\t\t<\/div>\n\t\t\t\t\t<\/div>\n\t\t<\/section>\n\t\t\t\t<section class=\"elementor-section elementor-top-section elementor-element elementor-element-a4d469b elementor-section-boxed elementor-section-height-default elementor-section-height-default\" data-id=\"a4d469b\" data-element_type=\"section\" data-e-type=\"section\">\n\t\t\t\t\t\t<div class=\"elementor-container elementor-column-gap-default\">\n\t\t\t\t\t<div class=\"elementor-column elementor-col-33 elementor-top-column elementor-element elementor-element-6ef7b87\" data-id=\"6ef7b87\" data-element_type=\"column\" data-e-type=\"column\">\n\t\t\t<div class=\"elementor-widget-wrap elementor-element-populated\">\n\t\t\t\t\t\t<div class=\"elementor-element elementor-element-dab5f02 elementor-widget elementor-widget-image\" data-id=\"dab5f02\" data-element_type=\"widget\" data-e-type=\"widget\" data-widget_type=\"image.default\">\n\t\t\t\t<div class=\"elementor-widget-container\">\n\t\t\t\t\t\t\t\t\t\t\t\t\t\t\t<img decoding=\"async\" width=\"800\" height=\"600\" src=\"https:\/\/harmonyhome.lv\/wp-content\/uploads\/2021\/09\/Harmony_home_interjers_web-7-1024x768.png\" class=\"attachment-large size-large wp-image-2962\" alt=\"\" srcset=\"https:\/\/harmonyhome.lv\/wp-content\/uploads\/2021\/09\/Harmony_home_interjers_web-7-1024x768.png 1024w, https:\/\/harmonyhome.lv\/wp-content\/uploads\/2021\/09\/Harmony_home_interjers_web-7-300x225.png 300w, https:\/\/harmonyhome.lv\/wp-content\/uploads\/2021\/09\/Harmony_home_interjers_web-7-768x576.png 768w, https:\/\/harmonyhome.lv\/wp-content\/uploads\/2021\/09\/Harmony_home_interjers_web-7-1536x1152.png 1536w, https:\/\/harmonyhome.lv\/wp-content\/uploads\/2021\/09\/Harmony_home_interjers_web-7.png 2000w\" sizes=\"(max-width: 800px) 100vw, 800px\" \/>\t\t\t\t\t\t\t\t\t\t\t\t\t\t\t<\/div>\n\t\t\t\t<\/div>\n\t\t\t\t<div class=\"elementor-element elementor-element-0109ed6 elementor-widget elementor-widget-image\" data-id=\"0109ed6\" data-element_type=\"widget\" data-e-type=\"widget\" data-widget_type=\"image.default\">\n\t\t\t\t<div class=\"elementor-widget-container\">\n\t\t\t\t\t\t\t\t\t\t\t\t\t\t\t<img decoding=\"async\" width=\"800\" height=\"600\" src=\"https:\/\/harmonyhome.lv\/wp-content\/uploads\/2021\/09\/Harmony_home_interjers_web-1-1024x768.png\" class=\"attachment-large size-large wp-image-2968\" alt=\"Harmony Home Japondi\" srcset=\"https:\/\/harmonyhome.lv\/wp-content\/uploads\/2021\/09\/Harmony_home_interjers_web-1-1024x768.png 1024w, https:\/\/harmonyhome.lv\/wp-content\/uploads\/2021\/09\/Harmony_home_interjers_web-1-300x225.png 300w, https:\/\/harmonyhome.lv\/wp-content\/uploads\/2021\/09\/Harmony_home_interjers_web-1-768x576.png 768w, https:\/\/harmonyhome.lv\/wp-content\/uploads\/2021\/09\/Harmony_home_interjers_web-1-1536x1152.png 1536w, https:\/\/harmonyhome.lv\/wp-content\/uploads\/2021\/09\/Harmony_home_interjers_web-1.png 2000w\" sizes=\"(max-width: 800px) 100vw, 800px\" \/>\t\t\t\t\t\t\t\t\t\t\t\t\t\t\t<\/div>\n\t\t\t\t<\/div>\n\t\t\t\t\t<\/div>\n\t\t<\/div>\n\t\t\t\t<div class=\"elementor-column elementor-col-66 elementor-top-column elementor-element elementor-element-1f61138\" data-id=\"1f61138\" data-element_type=\"column\" data-e-type=\"column\">\n\t\t\t<div class=\"elementor-widget-wrap elementor-element-populated\">\n\t\t\t\t\t\t<div class=\"elementor-element elementor-element-c673bbb elementor-widget elementor-widget-text-editor\" data-id=\"c673bbb\" data-element_type=\"widget\" data-e-type=\"widget\" data-widget_type=\"text-editor.default\">\n\t\t\t\t<div class=\"elementor-widget-container\">\n\t\t\t\t\t\t\t\t\t<p>The Harmony Home Teika Japandi style interior, combines Scandinavian functionality with Japanese minimalism. The Japandi style fits perfectly with a modern lifestyle, which is often stressful and fast, by providing a calming environment for rest and relaxation. The Scandinavian term <em>Hygge<\/em> (cosiness and well-being through simple things) and the Japanese <em>Wabi\u2013sabi<\/em> (the acceptance of transience and imperfection) come together in harmony and create a simple, serene and stress-free environment with elements of nature.<\/p><p>\u00a0<\/p><ul><li>Walls: neutral beige pastel hues with terracotta and eucalyptus accents<\/li><li>Floors in living areas: laminate class 32 \/ AC4 or higher. Colour: Bleached oak *<\/li><li>Floor skirting: HDF, same colour as walls<\/li><li>Doors: Prodex, Lisa Pro, floor colour with black door handles<\/li><li>Light switches and outlets: black, white in bathrooms<\/li><li>Bathroom fixtures: 170 cm long acrylic bath or shower tray, white ceramic sink with cabinet, separate toilet, faucets, white Zehnder towel rail. Ideal Standart, Vitra, Hansgrohe or equivalent plumbing*<\/li><li>Tiles: ceramic.<\/li><\/ul><p>\u00a0<\/p><p>Japandi colours are neutral shades \u2013 a mix of fresh and cool which characterises a blend of Scandinavian and Japanese design. A calming colour palette: light grey, natural pastel colours, wood, clay, sand.<\/p><p>Bright colours, however, are not excluded. Contrasts are an essential aspect of interior design: the light, natural wood and neutral pastel hues are combined with the deeper shades typical of Japanese design: anthracite, indigo, emerald green and even black. A green accent can be added using natural elements such as plants.<\/p>\t\t\t\t\t\t\t\t<\/div>\n\t\t\t\t<\/div>\n\t\t\t\t\t<\/div>\n\t\t<\/div>\n\t\t\t\t\t<\/div>\n\t\t<\/section>\n\t\t\t\t<section class=\"elementor-section elementor-top-section elementor-element elementor-element-66b0e62 elementor-section-boxed elementor-section-height-default elementor-section-height-default\" data-id=\"66b0e62\" data-element_type=\"section\" data-e-type=\"section\">\n\t\t\t\t\t\t<div class=\"elementor-container elementor-column-gap-default\">\n\t\t\t\t\t<div class=\"elementor-column elementor-col-100 elementor-top-column elementor-element elementor-element-558d370\" data-id=\"558d370\" data-element_type=\"column\" data-e-type=\"column\">\n\t\t\t<div class=\"elementor-widget-wrap elementor-element-populated\">\n\t\t\t\t\t\t<div class=\"elementor-element elementor-element-e997d9b elementor-arrows-position-inside elementor-pagination-position-outside elementor-widget elementor-widget-image-carousel\" data-id=\"e997d9b\" data-element_type=\"widget\" data-e-type=\"widget\" data-settings=\"{&quot;slides_to_show&quot;:&quot;5&quot;,&quot;navigation&quot;:&quot;both&quot;,&quot;autoplay&quot;:&quot;yes&quot;,&quot;pause_on_hover&quot;:&quot;yes&quot;,&quot;pause_on_interaction&quot;:&quot;yes&quot;,&quot;autoplay_speed&quot;:5000,&quot;infinite&quot;:&quot;yes&quot;,&quot;speed&quot;:500}\" data-widget_type=\"image-carousel.default\">\n\t\t\t\t<div class=\"elementor-widget-container\">\n\t\t\t\t\t\t\t<div class=\"elementor-image-carousel-wrapper swiper\" role=\"region\" aria-roledescription=\"carousel\" aria-label=\"Image Carousel\" dir=\"ltr\">\n\t\t\t<div class=\"elementor-image-carousel swiper-wrapper\" aria-live=\"off\">\n\t\t\t\t\t\t\t\t<div class=\"swiper-slide\" role=\"group\" aria-roledescription=\"slide\" aria-label=\"1 of 9\"><figure class=\"swiper-slide-inner\"><img decoding=\"async\" class=\"swiper-slide-image\" src=\"https:\/\/harmonyhome.lv\/wp-content\/uploads\/2021\/09\/Harmony_home_interjers_web-4-150x150.png\" alt=\"Harmony Home Teika interjers\" \/><\/figure><\/div><div class=\"swiper-slide\" role=\"group\" aria-roledescription=\"slide\" aria-label=\"2 of 9\"><figure class=\"swiper-slide-inner\"><img decoding=\"async\" class=\"swiper-slide-image\" src=\"https:\/\/harmonyhome.lv\/wp-content\/uploads\/2021\/10\/DZ1-1-LODZIJA-N-1-150x150.jpg\" alt=\"Harmony Home Teika interjers\" \/><\/figure><\/div><div class=\"swiper-slide\" role=\"group\" aria-roledescription=\"slide\" aria-label=\"3 of 9\"><figure class=\"swiper-slide-inner\"><img decoding=\"async\" class=\"swiper-slide-image\" src=\"https:\/\/harmonyhome.lv\/wp-content\/uploads\/2021\/10\/DZ2-BERNU2-150x150.jpg\" alt=\"Harmony Home Teika interjers\" \/><\/figure><\/div><div class=\"swiper-slide\" role=\"group\" aria-roledescription=\"slide\" aria-label=\"4 of 9\"><figure class=\"swiper-slide-inner\"><img decoding=\"async\" class=\"swiper-slide-image\" src=\"https:\/\/harmonyhome.lv\/wp-content\/uploads\/2021\/09\/Harmony_home_interjers_web-6-150x150.png\" alt=\"Harmony Home Teika interjers\" \/><\/figure><\/div><div class=\"swiper-slide\" role=\"group\" aria-roledescription=\"slide\" aria-label=\"5 of 9\"><figure class=\"swiper-slide-inner\"><img decoding=\"async\" class=\"swiper-slide-image\" src=\"https:\/\/harmonyhome.lv\/wp-content\/uploads\/2021\/10\/BED4-150x150.jpg\" alt=\"Harmony Home Teika interjers\" \/><\/figure><\/div><div class=\"swiper-slide\" role=\"group\" aria-roledescription=\"slide\" aria-label=\"6 of 9\"><figure class=\"swiper-slide-inner\"><img decoding=\"async\" class=\"swiper-slide-image\" src=\"https:\/\/harmonyhome.lv\/wp-content\/uploads\/2021\/09\/web_augsa2-150x150.png\" alt=\"Harmony Home Teika interjers\" \/><\/figure><\/div><div class=\"swiper-slide\" role=\"group\" aria-roledescription=\"slide\" aria-label=\"7 of 9\"><figure class=\"swiper-slide-inner\"><img decoding=\"async\" class=\"swiper-slide-image\" src=\"https:\/\/harmonyhome.lv\/wp-content\/uploads\/2021\/09\/Harmony_home_interjers_web-2-150x150.png\" alt=\"Harmony Home Teika interjers\" \/><\/figure><\/div><div class=\"swiper-slide\" role=\"group\" aria-roledescription=\"slide\" aria-label=\"8 of 9\"><figure class=\"swiper-slide-inner\"><img decoding=\"async\" class=\"swiper-slide-image\" src=\"https:\/\/harmonyhome.lv\/wp-content\/uploads\/2021\/10\/VANNAS-ISTABA3-1-150x150.jpg\" alt=\"Harmony Home Teika interjers\" \/><\/figure><\/div><div class=\"swiper-slide\" role=\"group\" aria-roledescription=\"slide\" aria-label=\"9 of 9\"><figure class=\"swiper-slide-inner\"><img decoding=\"async\" class=\"swiper-slide-image\" src=\"https:\/\/harmonyhome.lv\/wp-content\/uploads\/2021\/10\/ieeja-3-B-1-150x150.jpg\" alt=\"Harmony Home Teika interjers\" \/><\/figure><\/div>\t\t\t<\/div>\n\t\t\t\t\t\t\t\t\t\t\t\t<div class=\"elementor-swiper-button elementor-swiper-button-prev\" role=\"button\" tabindex=\"0\">\n\t\t\t\t\t\t<i aria-hidden=\"true\" class=\"eicon-chevron-left\"><\/i>\t\t\t\t\t<\/div>\n\t\t\t\t\t<div class=\"elementor-swiper-button elementor-swiper-button-next\" role=\"button\" tabindex=\"0\">\n\t\t\t\t\t\t<i aria-hidden=\"true\" class=\"eicon-chevron-right\"><\/i>\t\t\t\t\t<\/div>\n\t\t\t\t\n\t\t\t\t\t\t\t\t\t<div class=\"swiper-pagination\"><\/div>\n\t\t\t\t\t\t\t\t\t<\/div>\n\t\t\t\t\t\t<\/div>\n\t\t\t\t<\/div>\n\t\t\t\t\t<\/div>\n\t\t<\/div>\n\t\t\t\t\t<\/div>\n\t\t<\/section>\n\t\t\t\t<\/div>\n\t\t","protected":false},"excerpt":{"rendered":"<p>Interior Harmony Home The Harmony Home Teika Japandi style interior, combines Scandinavian functionality with Japanese minimalism. The Japandi style fits perfectly with a modern lifestyle, which is often stressful and fast, by providing a calming environment for rest and relaxation. The Scandinavian term Hygge (cosiness and well-being through simple things) and the Japanese Wabi\u2013sabi (the [&hellip;]<\/p>\n","protected":false},"author":1,"featured_media":0,"parent":3235,"menu_order":0,"comment_status":"closed","ping_status":"closed","template":"elementor_header_footer","meta":{"om_disable_all_campaigns":false,"inline_featured_image":false,"_uf_show_specific_survey":0,"_uf_disable_surveys":false,"footnotes":""},"tags":[],"class_list":["post-3558","page","type-page","status-publish","hentry","wpautop"],"aioseo_notices":[],"yoast_head":"<!-- This site is optimized with the Yoast SEO plugin v27.4 - https:\/\/yoast.com\/product\/yoast-seo-wordpress\/ -->\n<title>Interior - Harmony Home - kvalitat\u012bvi dz\u012bvok\u013ci jaunos projektos<\/title>\n<meta name=\"robots\" content=\"index, follow, max-snippet:-1, max-image-preview:large, max-video-preview:-1\" \/>\n<link rel=\"canonical\" href=\"https:\/\/harmonyhome.lv\/en\/harmony-home-teika\/interjers\/\" \/>\n<meta property=\"og:locale\" content=\"en_US\" \/>\n<meta property=\"og:type\" content=\"article\" \/>\n<meta property=\"og:title\" content=\"Interior - Harmony Home - kvalitat\u012bvi dz\u012bvok\u013ci jaunos projektos\" \/>\n<meta property=\"og:description\" content=\"Interior Harmony Home The Harmony Home Teika Japandi style interior, combines Scandinavian functionality with Japanese minimalism. The Japandi style fits perfectly with a modern lifestyle, which is often stressful and fast, by providing a calming environment for rest and relaxation. The Scandinavian term Hygge (cosiness and well-being through simple things) and the Japanese Wabi\u2013sabi (the [&hellip;]\" \/>\n<meta property=\"og:url\" content=\"https:\/\/harmonyhome.lv\/en\/harmony-home-teika\/interjers\/\" \/>\n<meta property=\"og:site_name\" content=\"Harmony Home - kvalitat\u012bvi dz\u012bvok\u013ci jaunos projektos\" \/>\n<meta property=\"article:publisher\" content=\"https:\/\/www.facebook.com\/harmonyhomeLatvia\" \/>\n<meta property=\"article:modified_time\" content=\"2023-03-16T13:48:56+00:00\" \/>\n<meta property=\"og:image\" content=\"https:\/\/harmonyhome.lv\/wp-content\/uploads\/2021\/05\/aplis.svg\" \/>\n<meta name=\"twitter:card\" content=\"summary_large_image\" \/>\n<meta name=\"twitter:label1\" content=\"Est. reading time\" \/>\n\t<meta name=\"twitter:data1\" content=\"6 minutes\" \/>\n<script type=\"application\/ld+json\" class=\"yoast-schema-graph\">{\"@context\":\"https:\\\/\\\/schema.org\",\"@graph\":[{\"@type\":\"WebPage\",\"@id\":\"https:\\\/\\\/harmonyhome.lv\\\/en\\\/harmony-home-teika\\\/interjers\\\/\",\"url\":\"https:\\\/\\\/harmonyhome.lv\\\/en\\\/harmony-home-teika\\\/interjers\\\/\",\"name\":\"Interior - Harmony Home - kvalitat\u012bvi dz\u012bvok\u013ci jaunos projektos\",\"isPartOf\":{\"@id\":\"https:\\\/\\\/harmonyhome.lv\\\/en\\\/#website\"},\"primaryImageOfPage\":{\"@id\":\"https:\\\/\\\/harmonyhome.lv\\\/en\\\/harmony-home-teika\\\/interjers\\\/#primaryimage\"},\"image\":{\"@id\":\"https:\\\/\\\/harmonyhome.lv\\\/en\\\/harmony-home-teika\\\/interjers\\\/#primaryimage\"},\"thumbnailUrl\":\"https:\\\/\\\/harmonyhome.lv\\\/wp-content\\\/uploads\\\/2021\\\/05\\\/aplis.svg\",\"datePublished\":\"2021-11-26T12:55:16+00:00\",\"dateModified\":\"2023-03-16T13:48:56+00:00\",\"breadcrumb\":{\"@id\":\"https:\\\/\\\/harmonyhome.lv\\\/en\\\/harmony-home-teika\\\/interjers\\\/#breadcrumb\"},\"inLanguage\":\"en-US\",\"potentialAction\":[{\"@type\":\"ReadAction\",\"target\":[\"https:\\\/\\\/harmonyhome.lv\\\/en\\\/harmony-home-teika\\\/interjers\\\/\"]}]},{\"@type\":\"ImageObject\",\"inLanguage\":\"en-US\",\"@id\":\"https:\\\/\\\/harmonyhome.lv\\\/en\\\/harmony-home-teika\\\/interjers\\\/#primaryimage\",\"url\":\"https:\\\/\\\/harmonyhome.lv\\\/wp-content\\\/uploads\\\/2021\\\/05\\\/aplis.svg\",\"contentUrl\":\"https:\\\/\\\/harmonyhome.lv\\\/wp-content\\\/uploads\\\/2021\\\/05\\\/aplis.svg\"},{\"@type\":\"BreadcrumbList\",\"@id\":\"https:\\\/\\\/harmonyhome.lv\\\/en\\\/harmony-home-teika\\\/interjers\\\/#breadcrumb\",\"itemListElement\":[{\"@type\":\"ListItem\",\"position\":1,\"name\":\"Home\",\"item\":\"https:\\\/\\\/harmonyhome.lv\\\/en\\\/\"},{\"@type\":\"ListItem\",\"position\":2,\"name\":\"Harmony Home Teika\",\"item\":\"https:\\\/\\\/harmonyhome.lv\\\/en\\\/harmony-home-teika\\\/\"},{\"@type\":\"ListItem\",\"position\":3,\"name\":\"Interior\"}]},{\"@type\":\"WebSite\",\"@id\":\"https:\\\/\\\/harmonyhome.lv\\\/en\\\/#website\",\"url\":\"https:\\\/\\\/harmonyhome.lv\\\/en\\\/\",\"name\":\"Harmony Home - kvalitat\u012bvi dz\u012bvok\u013ci jaunos projektos\",\"description\":\"Energoefekt\u012bvi dz\u012bvok\u013ci A+ klase\",\"publisher\":{\"@id\":\"https:\\\/\\\/harmonyhome.lv\\\/en\\\/#organization\"},\"alternateName\":\"Harmony energoefekt\u012bvi jaunie dz\u012bvok\u013ci\",\"potentialAction\":[{\"@type\":\"SearchAction\",\"target\":{\"@type\":\"EntryPoint\",\"urlTemplate\":\"https:\\\/\\\/harmonyhome.lv\\\/en\\\/?s={search_term_string}\"},\"query-input\":{\"@type\":\"PropertyValueSpecification\",\"valueRequired\":true,\"valueName\":\"search_term_string\"}}],\"inLanguage\":\"en-US\"},{\"@type\":\"Organization\",\"@id\":\"https:\\\/\\\/harmonyhome.lv\\\/en\\\/#organization\",\"name\":\"Harmony Home - kvalitat\u012bvi dz\u012bvok\u013ci jaunos projektos\",\"alternateName\":\"Harmony - gudra izv\u0113le harmoniskai dz\u012bvei\",\"url\":\"https:\\\/\\\/harmonyhome.lv\\\/en\\\/\",\"logo\":{\"@type\":\"ImageObject\",\"inLanguage\":\"en-US\",\"@id\":\"https:\\\/\\\/harmonyhome.lv\\\/en\\\/#\\\/schema\\\/logo\\\/image\\\/\",\"url\":\"https:\\\/\\\/harmonyhome.lv\\\/wp-content\\\/uploads\\\/2023\\\/03\\\/cropped-harmony_logo-1.png\",\"contentUrl\":\"https:\\\/\\\/harmonyhome.lv\\\/wp-content\\\/uploads\\\/2023\\\/03\\\/cropped-harmony_logo-1.png\",\"width\":649,\"height\":375,\"caption\":\"Harmony Home - kvalitat\u012bvi dz\u012bvok\u013ci jaunos projektos\"},\"image\":{\"@id\":\"https:\\\/\\\/harmonyhome.lv\\\/en\\\/#\\\/schema\\\/logo\\\/image\\\/\"},\"sameAs\":[\"https:\\\/\\\/www.facebook.com\\\/harmonyhomeLatvia\",\"https:\\\/\\\/www.instagram.com\\\/harmony_home_latvia\\\/\"]}]}<\/script>\n<!-- \/ Yoast SEO plugin. -->","yoast_head_json":{"title":"Interior - Harmony Home - kvalitat\u012bvi dz\u012bvok\u013ci jaunos projektos","robots":{"index":"index","follow":"follow","max-snippet":"max-snippet:-1","max-image-preview":"max-image-preview:large","max-video-preview":"max-video-preview:-1"},"canonical":"https:\/\/harmonyhome.lv\/en\/harmony-home-teika\/interjers\/","og_locale":"en_US","og_type":"article","og_title":"Interior - Harmony Home - kvalitat\u012bvi dz\u012bvok\u013ci jaunos projektos","og_description":"Interior Harmony Home The Harmony Home Teika Japandi style interior, combines Scandinavian functionality with Japanese minimalism. The Japandi style fits perfectly with a modern lifestyle, which is often stressful and fast, by providing a calming environment for rest and relaxation. The Scandinavian term Hygge (cosiness and well-being through simple things) and the Japanese Wabi\u2013sabi (the [&hellip;]","og_url":"https:\/\/harmonyhome.lv\/en\/harmony-home-teika\/interjers\/","og_site_name":"Harmony Home - kvalitat\u012bvi dz\u012bvok\u013ci jaunos projektos","article_publisher":"https:\/\/www.facebook.com\/harmonyhomeLatvia","article_modified_time":"2023-03-16T13:48:56+00:00","og_image":[{"url":"https:\/\/harmonyhome.lv\/wp-content\/uploads\/2021\/05\/aplis.svg","type":"","width":"","height":""}],"twitter_card":"summary_large_image","twitter_misc":{"Est. reading time":"6 minutes"},"schema":{"@context":"https:\/\/schema.org","@graph":[{"@type":"WebPage","@id":"https:\/\/harmonyhome.lv\/en\/harmony-home-teika\/interjers\/","url":"https:\/\/harmonyhome.lv\/en\/harmony-home-teika\/interjers\/","name":"Interior - Harmony Home - kvalitat\u012bvi dz\u012bvok\u013ci jaunos projektos","isPartOf":{"@id":"https:\/\/harmonyhome.lv\/en\/#website"},"primaryImageOfPage":{"@id":"https:\/\/harmonyhome.lv\/en\/harmony-home-teika\/interjers\/#primaryimage"},"image":{"@id":"https:\/\/harmonyhome.lv\/en\/harmony-home-teika\/interjers\/#primaryimage"},"thumbnailUrl":"https:\/\/harmonyhome.lv\/wp-content\/uploads\/2021\/05\/aplis.svg","datePublished":"2021-11-26T12:55:16+00:00","dateModified":"2023-03-16T13:48:56+00:00","breadcrumb":{"@id":"https:\/\/harmonyhome.lv\/en\/harmony-home-teika\/interjers\/#breadcrumb"},"inLanguage":"en-US","potentialAction":[{"@type":"ReadAction","target":["https:\/\/harmonyhome.lv\/en\/harmony-home-teika\/interjers\/"]}]},{"@type":"ImageObject","inLanguage":"en-US","@id":"https:\/\/harmonyhome.lv\/en\/harmony-home-teika\/interjers\/#primaryimage","url":"https:\/\/harmonyhome.lv\/wp-content\/uploads\/2021\/05\/aplis.svg","contentUrl":"https:\/\/harmonyhome.lv\/wp-content\/uploads\/2021\/05\/aplis.svg"},{"@type":"BreadcrumbList","@id":"https:\/\/harmonyhome.lv\/en\/harmony-home-teika\/interjers\/#breadcrumb","itemListElement":[{"@type":"ListItem","position":1,"name":"Home","item":"https:\/\/harmonyhome.lv\/en\/"},{"@type":"ListItem","position":2,"name":"Harmony Home Teika","item":"https:\/\/harmonyhome.lv\/en\/harmony-home-teika\/"},{"@type":"ListItem","position":3,"name":"Interior"}]},{"@type":"WebSite","@id":"https:\/\/harmonyhome.lv\/en\/#website","url":"https:\/\/harmonyhome.lv\/en\/","name":"Harmony Home - kvalitat\u012bvi dz\u012bvok\u013ci jaunos projektos","description":"Energoefekt\u012bvi dz\u012bvok\u013ci A+ klase","publisher":{"@id":"https:\/\/harmonyhome.lv\/en\/#organization"},"alternateName":"Harmony energoefekt\u012bvi jaunie dz\u012bvok\u013ci","potentialAction":[{"@type":"SearchAction","target":{"@type":"EntryPoint","urlTemplate":"https:\/\/harmonyhome.lv\/en\/?s={search_term_string}"},"query-input":{"@type":"PropertyValueSpecification","valueRequired":true,"valueName":"search_term_string"}}],"inLanguage":"en-US"},{"@type":"Organization","@id":"https:\/\/harmonyhome.lv\/en\/#organization","name":"Harmony Home - kvalitat\u012bvi dz\u012bvok\u013ci jaunos projektos","alternateName":"Harmony - gudra izv\u0113le harmoniskai dz\u012bvei","url":"https:\/\/harmonyhome.lv\/en\/","logo":{"@type":"ImageObject","inLanguage":"en-US","@id":"https:\/\/harmonyhome.lv\/en\/#\/schema\/logo\/image\/","url":"https:\/\/harmonyhome.lv\/wp-content\/uploads\/2023\/03\/cropped-harmony_logo-1.png","contentUrl":"https:\/\/harmonyhome.lv\/wp-content\/uploads\/2023\/03\/cropped-harmony_logo-1.png","width":649,"height":375,"caption":"Harmony Home - kvalitat\u012bvi dz\u012bvok\u013ci jaunos projektos"},"image":{"@id":"https:\/\/harmonyhome.lv\/en\/#\/schema\/logo\/image\/"},"sameAs":["https:\/\/www.facebook.com\/harmonyhomeLatvia","https:\/\/www.instagram.com\/harmony_home_latvia\/"]}]}},"_links":{"self":[{"href":"https:\/\/harmonyhome.lv\/en\/wp-json\/wp\/v2\/pages\/3558","targetHints":{"allow":["GET"]}}],"collection":[{"href":"https:\/\/harmonyhome.lv\/en\/wp-json\/wp\/v2\/pages"}],"about":[{"href":"https:\/\/harmonyhome.lv\/en\/wp-json\/wp\/v2\/types\/page"}],"author":[{"embeddable":true,"href":"https:\/\/harmonyhome.lv\/en\/wp-json\/wp\/v2\/users\/1"}],"replies":[{"embeddable":true,"href":"https:\/\/harmonyhome.lv\/en\/wp-json\/wp\/v2\/comments?post=3558"}],"version-history":[{"count":3,"href":"https:\/\/harmonyhome.lv\/en\/wp-json\/wp\/v2\/pages\/3558\/revisions"}],"predecessor-version":[{"id":7858,"href":"https:\/\/harmonyhome.lv\/en\/wp-json\/wp\/v2\/pages\/3558\/revisions\/7858"}],"up":[{"embeddable":true,"href":"https:\/\/harmonyhome.lv\/en\/wp-json\/wp\/v2\/pages\/3235"}],"wp:attachment":[{"href":"https:\/\/harmonyhome.lv\/en\/wp-json\/wp\/v2\/media?parent=3558"}],"wp:term":[{"taxonomy":"post_tag","embeddable":true,"href":"https:\/\/harmonyhome.lv\/en\/wp-json\/wp\/v2\/tags?post=3558"}],"curies":[{"name":"wp","href":"https:\/\/api.w.org\/{rel}","templated":true}]}}